{"id":1481,"date":"2023-10-05T13:41:56","date_gmt":"2023-10-05T11:41:56","guid":{"rendered":"https:\/\/sibilla.es\/?page_id=1481"},"modified":"2023-10-05T13:45:38","modified_gmt":"2023-10-05T11:45:38","slug":"politica-de-cookies","status":"publish","type":"page","link":"https:\/\/sibilla.es\/en\/politica-de-cookies\/","title":{"rendered":"Pol\u00edtica de Cookies"},"content":{"rendered":"<section class=\"wpb-content-wrapper\"><div      class=\"vc_row wpb_row section vc_row-fluid  grid_section\" style=' text-align:left;'><div class=\"section_inner clearfix\"><div class='section_inner_margin clearfix'><div class=\"wpb_column vc_column_container vc_col-sm-12\"><div class=\"vc_column-inner\"><div class=\"wpb_wrapper\">\t<div class=\"vc_empty_space\"  style=\"height: 132px\" ><span\n\t\t\tclass=\"vc_empty_space_inner\">\n\t\t\t<span class=\"empty_space_image\"  ><\/span>\n\t\t<\/span><\/div>\n\n\n\t<div class=\"wpb_text_column wpb_content_element\">\n\t\t<div class=\"wpb_wrapper\">\n\t\t\t<p><strong><br \/>\n<span style=\"color: #800000;\">Pol\u00edtica de Cookies<\/span><\/strong><\/p>\n<p>&nbsp;<\/p>\n<p>Este sitio web solo emplea cookies necesarias para el correcto funcionamiento del sitio. Al navegar o utilizar nuestros servicios el usuario acepta el uso que hacemos de las cookies. Sin embargo, el usuario tiene la opci\u00f3n de impedir la generaci\u00f3n de cookies y la eliminaci\u00f3n de las mismas mediante la selecci\u00f3n de la correspondiente opci\u00f3n en su Navegador.\u00a0En caso de bloquear el uso de cookies en su navegador es posible que algunos servicios o funcionalidades de la p\u00e1gina Web no est\u00e9n disponibles.<\/p>\n<p><strong>\u00a0<\/strong><\/p>\n<p><span style=\"color: #800000;\"><strong>\u00bfQu\u00e9 es una cookie?<\/strong><\/span><\/p>\n<p>Una cookie es un peque\u00f1o fragmento de texto que los sitios Web env\u00edan al navegador y que se almacenan en el terminal del usuario, el cual puede ser un ordenador personal, un tel\u00e9fono m\u00f3vil, un\u00a0<em>tablet<\/em>, etc.. \u00a0Estos archivos permiten que el sitio Web recuerde informaci\u00f3n sobre su visita, como el idioma y las opciones preferidas, lo que puede facilitar su pr\u00f3xima visita y hacer que el sitio resulte m\u00e1s \u00fatil al personalizar su contenido. Las cookies desempe\u00f1an un papel muy importante, al mejorar la experiencia de uso de la Web.<\/p>\n<p><strong>\u00a0<\/strong><\/p>\n<p><span style=\"color: #800000;\"><strong>Tipos de cookies utilizadas<\/strong><\/span><\/p>\n<p>Este Web utiliza tanto cookies temporales de sesi\u00f3n como cookies permanentes. Las cookies de sesi\u00f3n almacenan datos \u00fanicamente mientras el usuario accede al Web y las cookies permanentes almacenan los datos en el terminal para que sean accedidos y utilizados en m\u00e1s de una sesi\u00f3n.<\/p>\n<p>Seg\u00fan la finalidad para la que se traten los datos obtenidos a trav\u00e9s de las cookies, la Web puede utilizar:<\/p>\n<p><span style=\"color: #800000;\"><strong>COOKIES T\u00c9CNICAS<\/strong><\/span><\/p>\n<p>Son aqu\u00e9llas que permiten al usuario la navegaci\u00f3n a trav\u00e9s de la p\u00e1gina Web o aplicaci\u00f3n y la utilizaci\u00f3n de las diferentes opciones o servicios que en ella existen. Por ejemplo, controlar el tr\u00e1fico y la comunicaci\u00f3n de datos, identificar y mantener la sesi\u00f3n del usuario, acceder a las partes Web de acceso restringido, recordar los elementos que integran un pedido, realizar la solicitud de inscripci\u00f3n o participaci\u00f3n en un evento, utilizar elementos de seguridad durante la navegaci\u00f3n y almacenar contenidos para la difusi\u00f3n de videos o sonido.<\/p>\n<p><span style=\"color: #800000;\"><strong>COOKIES PERMANENTES<\/strong><\/span><\/p>\n<p>Son aquellas que se almacenan en el disco duro y nuestra web las lee cada vez que se realiza una nueva visita. Una cookie permanente posee una fecha de expiraci\u00f3n determinada. La cookie dejar\u00e1 de funcionar despu\u00e9s de esa fecha.<\/p>\n<p><span style=\"color: #800000;\"><strong>COOKIES DE PERSONALIZACI\u00d3N<\/strong><\/span><\/p>\n<p>Son aqu\u00e9llas que permiten al usuario acceder al servicio con algunas caracter\u00edsticas de car\u00e1cter general predefinidas en su terminal o que el propio usuario defina. Por ejemplo, el idioma, el tipo de navegador a trav\u00e9s del cual accede al servicio, el dise\u00f1o de contenidos seleccionado, geolocalizaci\u00f3n del terminal y la configuraci\u00f3n regional desde donde se accede al servicio.<\/p>\n<p><span style=\"color: #800000;\"><strong>COOKIES PUBLICITARIAS<\/strong><\/span><\/p>\n<p>Son aquellas que permiten la gesti\u00f3n eficaz de los espacios publicitarios que se han incluido en la p\u00e1gina Web o aplicaci\u00f3n desde la que se presta el servicio. Permiten adecuar el contenido de la publicidad para que esta sea relevante para el usuario y para evitar mostrar anuncios que el usuario ya haya visto.<\/p>\n<p><span style=\"color: #800000;\"><strong>COOKIES DE AN\u00c1LISIS ESTAD\u00cdSTICO<\/strong><\/span><\/p>\n<p>Son aqu\u00e9llas que permiten realizar el seguimiento y an\u00e1lisis del comportamiento de los usuarios en los sitios Web. La informaci\u00f3n recogida mediante este tipo de cookies se utiliza en la medici\u00f3n de la actividad de los sitios Web, aplicaci\u00f3n o plataforma y para la elaboraci\u00f3n de perfiles de navegaci\u00f3n de los usuarios de dichos sitios, con el fin de introducir mejoras en el servicio en funci\u00f3n de los datos de uso que hacen los usuarios.<\/p>\n<p><span style=\"color: #800000;\"><strong>COOKIES DE TERCEROS<\/strong><\/span><\/p>\n<p>En algunas p\u00e1ginas Web se pueden instalar cookies de terceros que permiten gestionar y mejorar los servicios ofrecidos. Como por ejemplo, servicios estad\u00edsticos de Google Analytics, Facebook, Twitter, Linkedln, Google+, youtube.<\/p>\n<p><strong>\u00a0<\/strong><\/p>\n<p><span style=\"color: #800000;\"><strong>\u00bfC\u00f3mo administrar cookies en el navegador?<\/strong><\/span><\/p>\n<p>El usuario tiene la opci\u00f3n de permitir, bloquear o eliminar las cookies instaladas en su equipo mediante la configuraci\u00f3n de las opciones del navegador instalado en su terminal:<\/p>\n<ul>\n<li><u>Para ajustar los permisos relacionados con las cookies en el <strong>Navegador Google Chrome<\/strong><\/u>:<\/li>\n<\/ul>\n<ul>\n<li>Hacer clic en el men\u00fasituado en la barra de herramientas.<\/li>\n<li>Seleccionar <strong>Configuraci\u00f3n.<\/strong><\/li>\n<li>Hacer clic en <strong>Mostrar opciones avanzadas.<\/strong><\/li>\n<li>En la secci\u00f3n \u201cPrivacidad\u201d hacer clic en el bot\u00f3n <strong>Configuraci\u00f3n de contenido<\/strong>.<\/li>\n<li>En la secci\u00f3n de \u201cCookies\u201d se pueden configurar las opciones.<\/li>\n<\/ul>\n<p>*\u00a0M\u00e1s informaci\u00f3n sobre\u00a0<a href=\"https:\/\/support.google.com\/chrome\/answer\/95647?hl=es\">Google Chrome<\/a><\/p>\n<p><strong>\u00a0<\/strong><\/p>\n<ul>\n<li><u>Para ajustar los permisos relacionados con las cookies en el Navegador\u00a0<\/u><u><strong>Mozilla Firefox<\/strong><\/u><\/li>\n<li>En la parte superior de la ventana de Firefox hacer clic en el men\u00fa\u00a0<strong>Herramientas<\/strong>.<\/li>\n<li>Seleccionar\u00a0Opciones.<\/li>\n<li>Seleccionar el panel\u00a0Privacidad.<\/li>\n<li>En la opci\u00f3n\u00a0Firefox podr\u00e1\u00a0elegir\u00a0Usar una configuraci\u00f3n<strong> personalizada para el historial\u00a0<\/strong>para configurar las opciones.<\/li>\n<\/ul>\n<p>*M\u00e1s informaci\u00f3n sobre <a href=\"https:\/\/support.mozilla.org\/es\/kb\/Borrar%20cookies\">Mozilla Firefox<\/a>.<\/p>\n<p><strong>\u00a0<\/strong><\/p>\n<ul>\n<li><u>Para ajustar los permisos relacionados <\/u>con<u> las cookies en el Navegador\u00a0<\/u><u><strong>Internet Explorer <\/strong><\/u>:<\/li>\n<\/ul>\n<ul>\n<li>En la parte superior de la ventana de Internet Explorer hacer clic en el men\u00fa<\/li>\n<li>Seleccionar la pesta\u00f1a de\u00a0<strong>Seguridad<\/strong>\u00a0y utilizar la opci\u00f3n\u00a0<strong>Eliminar el historial de exploraci\u00f3n<\/strong>\u00a0para eliminar las cookies. Activar la casilla Cookies y, a continuaci\u00f3n, hacer clic en Eliminar.<\/li>\n<li>Seleccionar la pesta\u00f1a de\u00a0<strong>Seguridad<\/strong>\u00a0y utilizar la\u00a0<strong>Configuraci\u00f3n\u00a0<\/strong>mover el control deslizante totalmente hacia arriba para bloquear todas las cookies o totalmente hacia abajo para permitir todas las cookies. Tras ello, hacer clic en <strong>Aceptar<\/strong>.<\/li>\n<\/ul>\n<p>*M\u00e1s informaci\u00f3n sobre <a href=\"http:\/\/windows.microsoft.com\/es-es\/windows7\/how-to-manage-cookies-in-internet-explorer-9\">Internet Explorer<\/a> .<\/p>\n<p>En caso de bloquear el uso de cookies en su navegador es posible que algunos servicios o funcionalidades de la p\u00e1gina Web no est\u00e9n disponibles.<\/p>\n<p>En algunos navegadores se pueden configurar reglas espec\u00edficas para administrar cookies por sitio Web, lo que ofrece un control m\u00e1s preciso sobre la privacidad. Esto significa que se puede inhabilitar cookies de todos los sitios salvo de aquellos en los que se conf\u00ede.<\/p>\n<p><strong>\u00a0<\/strong><\/p>\n<p>FLORS SIBILLA<br \/>\nC\/ Sant Joan 6 08392 Sant Andreu de Llavaneres (Barcelona)<\/p>\n\n\t\t<\/div> \n\t<\/div> <\/div><\/div><\/div><\/div><\/div><\/div>\n<\/section>","protected":false},"excerpt":{"rendered":"Pol\u00edtica de Cookies &nbsp; Este sitio web solo emplea cookies necesarias para el correcto funcionamiento del sitio. Al navegar o utilizar nuestros servicios el usuario acepta el uso que hacemos de las cookies. Sin embargo, el usuario tiene la opci\u00f3n de impedir la generaci\u00f3n de...","protected":false},"author":1,"featured_media":0,"parent":0,"menu_order":0,"comment_status":"closed","ping_status":"closed","template":"full_width.php","meta":{"footnotes":""},"class_list":["post-1481","page","type-page","status-publish","hentry"],"_links":{"self":[{"href":"https:\/\/sibilla.es\/en\/wp-json\/wp\/v2\/pages\/1481","targetHints":{"allow":["GET"]}}],"collection":[{"href":"https:\/\/sibilla.es\/en\/wp-json\/wp\/v2\/pages"}],"about":[{"href":"https:\/\/sibilla.es\/en\/wp-json\/wp\/v2\/types\/page"}],"author":[{"embeddable":true,"href":"https:\/\/sibilla.es\/en\/wp-json\/wp\/v2\/users\/1"}],"replies":[{"embeddable":true,"href":"https:\/\/sibilla.es\/en\/wp-json\/wp\/v2\/comments?post=1481"}],"version-history":[{"count":3,"href":"https:\/\/sibilla.es\/en\/wp-json\/wp\/v2\/pages\/1481\/revisions"}],"predecessor-version":[{"id":1484,"href":"https:\/\/sibilla.es\/en\/wp-json\/wp\/v2\/pages\/1481\/revisions\/1484"}],"wp:attachment":[{"href":"https:\/\/sibilla.es\/en\/wp-json\/wp\/v2\/media?parent=1481"}],"curies":[{"name":"wp","href":"https:\/\/api.w.org\/{rel}","templated":true}]}}