{"id":423,"date":"2023-03-06T21:27:38","date_gmt":"2023-03-06T19:27:38","guid":{"rendered":"https:\/\/sibilla1.iglobalia.es\/?post_type=product&#038;p=423"},"modified":"2023-08-05T18:58:15","modified_gmt":"2023-08-05T16:58:15","slug":"composicion-aromatica-florencia","status":"publish","type":"product","link":"https:\/\/sibilla.es\/cat\/product\/composicion-aromatica-florencia\/","title":{"rendered":"Composici\u00f3 Arom\u00e0tica Flor\u00e8ncia"},"content":{"rendered":"<p>Composici\u00f3 Arom\u00e0tica Flor\u00e8ncia<\/p>\n<p>Cistella     amb    diferents    plantes    arom\u00e0tiques    com    el    roman\u00ed,    farigola, menta,  alf\u00e0brega,  esp\u00edgol,  curry,  s\u00e0lvia,  ruda  o  Ma  Llu\u00efsa,  entre  d\u2019altres<\/p>","protected":false},"excerpt":{"rendered":"<p>Composici\u00f3 Arom\u00e0tica Flor\u00e8ncia<\/p>\n<p>Cistella     amb    diferents    plantes    arom\u00e0tiques    com    el    roman\u00ed,    farigola, menta,  alf\u00e0brega,  esp\u00edgol,  curry,  s\u00e0lvia,  ruda  o  Ma  Llu\u00efsa,  entre  d\u2019altres<\/p>","protected":false},"featured_media":643,"comment_status":"open","ping_status":"closed","template":"","meta":[],"product_cat":[35,47],"product_tag":[],"class_list":["post-423","product","type-product","status-publish","has-post-thumbnail","hentry","product_cat-plantas","product_cat-sibilla"],"_links":{"self":[{"href":"https:\/\/sibilla.es\/cat\/wp-json\/wp\/v2\/product\/423","targetHints":{"allow":["GET"]}}],"collection":[{"href":"https:\/\/sibilla.es\/cat\/wp-json\/wp\/v2\/product"}],"about":[{"href":"https:\/\/sibilla.es\/cat\/wp-json\/wp\/v2\/types\/product"}],"replies":[{"embeddable":true,"href":"https:\/\/sibilla.es\/cat\/wp-json\/wp\/v2\/comments?post=423"}],"version-history":[{"count":0,"href":"https:\/\/sibilla.es\/cat\/wp-json\/wp\/v2\/product\/423\/revisions"}],"wp:featuredmedia":[{"embeddable":true,"href":"https:\/\/sibilla.es\/cat\/wp-json\/wp\/v2\/media\/643"}],"wp:attachment":[{"href":"https:\/\/sibilla.es\/cat\/wp-json\/wp\/v2\/media?parent=423"}],"wp:term":[{"taxonomy":"product_cat","embeddable":true,"href":"https:\/\/sibilla.es\/cat\/wp-json\/wp\/v2\/product_cat?post=423"},{"taxonomy":"product_tag","embeddable":true,"href":"https:\/\/sibilla.es\/cat\/wp-json\/wp\/v2\/product_tag?post=423"}],"curies":[{"name":"wp","href":"https:\/\/api.w.org\/{rel}","templated":true}]}}