{"id":694,"date":"2023-05-02T16:46:38","date_gmt":"2023-05-02T14:46:38","guid":{"rendered":"https:\/\/sibilla1.iglobalia.es\/?page_id=694"},"modified":"2023-05-02T17:00:04","modified_gmt":"2023-05-02T15:00:04","slug":"plantas","status":"publish","type":"page","link":"https:\/\/sibilla.es\/cat\/plantas\/","title":{"rendered":"Plantes"},"content":{"rendered":"<div data-elementor-type=\"wp-page\" data-elementor-id=\"694\" class=\"elementor elementor-694\">\n\t\t\t\t\t\t\t\t\t<section data-particle_enable=\"false\" data-particle-mobile-disabled=\"false\" class=\"elementor-section elementor-top-section elementor-element elementor-element-392b5321 elementor-section-boxed elementor-section-height-default elementor-section-height-default parallax_section_no qode_elementor_container_no\" data-id=\"392b5321\" data-element_type=\"section\">\n\t\t\t\t\t\t<div class=\"elementor-container elementor-column-gap-default\">\n\t\t\t\t\t<div class=\"elementor-column elementor-col-100 elementor-top-column elementor-element elementor-element-51f85a40\" data-id=\"51f85a40\" data-element_type=\"column\" data-settings=\"{&quot;background_background&quot;:&quot;classic&quot;}\">\n\t\t\t<div class=\"elementor-widget-wrap elementor-element-populated\">\n\t\t\t\t\t\t\t\t<section data-particle_enable=\"false\" data-particle-mobile-disabled=\"false\" class=\"elementor-section elementor-inner-section elementor-element elementor-element-7fe4017e elementor-section-boxed elementor-section-height-default elementor-section-height-default parallax_section_no qode_elementor_container_no\" data-id=\"7fe4017e\" data-element_type=\"section\">\n\t\t\t\t\t\t<div class=\"elementor-container elementor-column-gap-default\">\n\t\t\t\t\t<div class=\"elementor-column elementor-col-100 elementor-inner-column elementor-element elementor-element-8ede44c\" data-id=\"8ede44c\" data-element_type=\"column\">\n\t\t\t<div class=\"elementor-widget-wrap elementor-element-populated\">\n\t\t\t\t\t\t\t\t<div class=\"elementor-element elementor-element-7ff58fd8 elementor-widget elementor-widget-text-editor\" data-id=\"7ff58fd8\" data-element_type=\"widget\" data-widget_type=\"text-editor.default\">\n\t\t\t\t<div class=\"elementor-widget-container\">\n\t\t\t<style>\/*! elementor - v3.15.0 - 02-08-2023 *\/\n.elementor-widget-text-editor.elementor-drop-cap-view-stacked .elementor-drop-cap{background-color:#69727d;color:#fff}.elementor-widget-text-editor.elementor-drop-cap-view-framed .elementor-drop-cap{color:#69727d;border:3px solid;background-color:transparent}.elementor-widget-text-editor:not(.elementor-drop-cap-view-default) .elementor-drop-cap{margin-top:8px}.elementor-widget-text-editor:not(.elementor-drop-cap-view-default) .elementor-drop-cap-letter{width:1em;height:1em}.elementor-widget-text-editor .elementor-drop-cap{float:left;text-align:center;line-height:1;font-size:50px}.elementor-widget-text-editor .elementor-drop-cap-letter{display:inline-block}<\/style>\t\t\t\t<p style=\"text-align: left;\">Les plantes a casa s\u00f3n molt beneficioses per la nostra salut i el complement perfecte per a la decoraci\u00f3 de qualsevol espai, tenen beneficis naturals, terap\u00e8utics, arom\u00e0tics i relaxants.<\/p><p>\u00a0<\/p><p style=\"text-align: left;\">S\u00f3n   el   regal   perfecte   per   a   qualsevol   ocasi\u00f3,   aniversaris,   naixements, casaments\u2026  i  molt  m\u00e9s!<\/p><p style=\"text-align: left;\"><br \/>Disponemos de una gama muy extensa de productos para interior y <br \/>exterior y te podemos aconsejar seg\u00fan tus necesidades. Adem\u00e1s, <br \/>disponemos de servicios de jardiner\u00eda.<\/p>\t\t\t\t\t\t<\/div>\n\t\t\t\t<\/div>\n\t\t\t\t\t<\/div>\n\t\t<\/div>\n\t\t\t\t\t\t\t<\/div>\n\t\t<\/section>\n\t\t\t\t<div class=\"elementor-element elementor-element-20b656fd bdt-skin-fedara-style-center elementor-widget elementor-widget-bdt-custom-gallery\" data-id=\"20b656fd\" data-element_type=\"widget\" data-settings=\"{&quot;columns&quot;:&quot;3&quot;,&quot;columns_tablet&quot;:&quot;2&quot;,&quot;columns_mobile&quot;:&quot;1&quot;}\" data-widget_type=\"bdt-custom-gallery.default\">\n\t\t\t\t<div class=\"elementor-widget-container\">\n\t\t\t\t\t<div id=\"bdt-custom-gallery-20b656fd\" class=\"bdt-custom-gallery bdt-skin-default bdt-grid bdt-grid-small\" data-bdt-grid=\"masonry: true\" data-bdt-lightbox=\"toggle: .bdt-gallery-lightbox-item; animation:slide; autoplay: 500; pause-on-hover: true;\" data-settings=\"{&quot;id&quot;:&quot;#bdt-custom-gallery-20b656fd&quot;,&quot;tiltShow&quot;:false}\" >\n\t\t\t\t\t<div class=\"bdt-gallery-item bdt-transition-toggle bdt-width-1-1 bdt-width-1-2@s bdt-width-1-3@m\">\n\t\t\t\t<div class=\"bdt-custom-gallery-inner bdt-image-mask\">\n\t\t\t\t\t\n\t\t\t\t\t\n\t\t\t\t\t\n\t\t\t\t\t\n        <div class=\"bdt-gallery-thumbnail\">\n           \n            <img decoding=\"async\" src=\"https:\/\/sibilla.es\/wp-content\/uploads\/2023\/05\/section11.img1_.jpg\" alt=\"Vase Garden\">\n\n        <\/div>\n        \t\t<div class=\"bdt-overlay bdt-overlay-default bdt-position-cover bdt-transition-fade\">\n\t\t\t<div class=\"bdt-custom-gallery-content\">\n\t\t\t\t<div class=\"bdt-custom-gallery-content-inner\">\n\t\t\t\t\t\n\t\t\t\t\t\n\n\t\t\t\t\t\t\t\t\t\t\t<div class=\"bdt-flex-inline bdt-gallery-item-link-wrapper\">\n\t\t\t\t\t\t\t<a data-elementor-open-lightbox=\"no\" href=\"https:\/\/sibilla.es\/wp-content\/uploads\/2023\/05\/section11.img1_.jpg\" class=\"bdt-gallery-item-link bdt-gallery-lightbox-item\" data-caption=\"Vase Garden\">\n\t\t\t\t\t\t\t\t\t\t\t\t\t\t\t\t\t<i class=\"ep-icon-plus\" aria-hidden=\"true\"><\/i>\n\t\t\t\t\t\t\t\t\t\t\t\t\t\t\t<\/a>\n\t\t\t\t\t\t<\/div>\n\t\t\t\t\t\n\t\t\t\t\t\t\t<h3 class=\"bdt-gallery-item-title bdt-transition-slide-top-small\">\n\t\t\tVase Garden\t\t<\/h3>\n\t\t\t\t<div class=\"bdt-gallery-item-text bdt-transition-slide-bottom-small\">I am item content. Click edit button to change this text.<\/div>\n\t\t\n\t\t\t\t<\/div>\n\t\t\t<\/div>\n\t\t<\/div>\n\t\t\t\t\t\t\t\n\t\t\t\t\t\t\t\t\t<\/div>\n\t\t\t<\/div>\n\n\t\t\t\t\t<div class=\"bdt-gallery-item bdt-transition-toggle bdt-width-1-1 bdt-width-1-2@s bdt-width-1-3@m\">\n\t\t\t\t<div class=\"bdt-custom-gallery-inner bdt-image-mask\">\n\t\t\t\t\t\n\t\t\t\t\t\n\t\t\t\t\t\n\t\t\t\t\t\n        <div class=\"bdt-gallery-thumbnail\">\n           \n            <img decoding=\"async\" src=\"https:\/\/sibilla.es\/wp-content\/uploads\/2023\/05\/section11.img6_.jpg\" alt=\"Meeting Room\">\n\n        <\/div>\n        \t\t<div class=\"bdt-overlay bdt-overlay-default bdt-position-cover bdt-transition-fade\">\n\t\t\t<div class=\"bdt-custom-gallery-content\">\n\t\t\t\t<div class=\"bdt-custom-gallery-content-inner\">\n\t\t\t\t\t\n\t\t\t\t\t\n\n\t\t\t\t\t\t\t\t\t\t\t<div class=\"bdt-flex-inline bdt-gallery-item-link-wrapper\">\n\t\t\t\t\t\t\t<a data-elementor-open-lightbox=\"no\" href=\"https:\/\/sibilla.es\/wp-content\/uploads\/2023\/05\/section11.img6_.jpg\" class=\"bdt-gallery-item-link bdt-gallery-lightbox-item\" data-caption=\"Meeting Room\">\n\t\t\t\t\t\t\t\t\t\t\t\t\t\t\t\t\t<i class=\"ep-icon-plus\" aria-hidden=\"true\"><\/i>\n\t\t\t\t\t\t\t\t\t\t\t\t\t\t\t<\/a>\n\t\t\t\t\t\t<\/div>\n\t\t\t\t\t\n\t\t\t\t\t\t\t<h3 class=\"bdt-gallery-item-title bdt-transition-slide-top-small\">\n\t\t\tMeeting Room\t\t<\/h3>\n\t\t\t\t<div class=\"bdt-gallery-item-text bdt-transition-slide-bottom-small\">I am item content. Click edit button to change this text.<\/div>\n\t\t\n\t\t\t\t<\/div>\n\t\t\t<\/div>\n\t\t<\/div>\n\t\t\t\t\t\t\t\n\t\t\t\t\t\t\t\t\t<\/div>\n\t\t\t<\/div>\n\n\t\t\t\t\t<div class=\"bdt-gallery-item bdt-transition-toggle bdt-width-1-1 bdt-width-1-2@s bdt-width-1-3@m\">\n\t\t\t\t<div class=\"bdt-custom-gallery-inner bdt-image-mask\">\n\t\t\t\t\t\n\t\t\t\t\t\n\t\t\t\t\t\n\t\t\t\t\t\n        <div class=\"bdt-gallery-thumbnail\">\n           \n            <img decoding=\"async\" src=\"https:\/\/sibilla.es\/wp-content\/uploads\/2023\/05\/section11.img2_.jpg\" alt=\"Vase Showroom\">\n\n        <\/div>\n        \t\t<div class=\"bdt-overlay bdt-overlay-default bdt-position-cover bdt-transition-fade\">\n\t\t\t<div class=\"bdt-custom-gallery-content\">\n\t\t\t\t<div class=\"bdt-custom-gallery-content-inner\">\n\t\t\t\t\t\n\t\t\t\t\t\n\n\t\t\t\t\t\t\t\t\t\t\t<div class=\"bdt-flex-inline bdt-gallery-item-link-wrapper\">\n\t\t\t\t\t\t\t<a data-elementor-open-lightbox=\"no\" href=\"https:\/\/sibilla.es\/wp-content\/uploads\/2023\/05\/section11.img2_.jpg\" class=\"bdt-gallery-item-link bdt-gallery-lightbox-item\" data-caption=\"Vase Showroom\">\n\t\t\t\t\t\t\t\t\t\t\t\t\t\t\t\t\t<i class=\"ep-icon-plus\" aria-hidden=\"true\"><\/i>\n\t\t\t\t\t\t\t\t\t\t\t\t\t\t\t<\/a>\n\t\t\t\t\t\t<\/div>\n\t\t\t\t\t\n\t\t\t\t\t\t\t<h3 class=\"bdt-gallery-item-title bdt-transition-slide-top-small\">\n\t\t\tVase Showroom\t\t<\/h3>\n\t\t\t\t<div class=\"bdt-gallery-item-text bdt-transition-slide-bottom-small\">I am item content. Click edit button to change this text.<\/div>\n\t\t\n\t\t\t\t<\/div>\n\t\t\t<\/div>\n\t\t<\/div>\n\t\t\t\t\t\t\t\n\t\t\t\t\t\t\t\t\t<\/div>\n\t\t\t<\/div>\n\n\t\t\t\t\t<div class=\"bdt-gallery-item bdt-transition-toggle bdt-width-1-1 bdt-width-1-2@s bdt-width-1-3@m\">\n\t\t\t\t<div class=\"bdt-custom-gallery-inner bdt-image-mask\">\n\t\t\t\t\t\n\t\t\t\t\t\n\t\t\t\t\t\n\t\t\t\t\t\n        <div class=\"bdt-gallery-thumbnail\">\n           \n            <img decoding=\"async\" src=\"https:\/\/sibilla.es\/wp-content\/uploads\/2023\/05\/section11.img3_.jpg\" alt=\"Interior Design\">\n\n        <\/div>\n        \t\t<div class=\"bdt-overlay bdt-overlay-default bdt-position-cover bdt-transition-fade\">\n\t\t\t<div class=\"bdt-custom-gallery-content\">\n\t\t\t\t<div class=\"bdt-custom-gallery-content-inner\">\n\t\t\t\t\t\n\t\t\t\t\t\n\n\t\t\t\t\t\t\t\t\t\t\t<div class=\"bdt-flex-inline bdt-gallery-item-link-wrapper\">\n\t\t\t\t\t\t\t<a data-elementor-open-lightbox=\"no\" href=\"https:\/\/sibilla.es\/wp-content\/uploads\/2023\/05\/section11.img3_.jpg\" class=\"bdt-gallery-item-link bdt-gallery-lightbox-item\" data-caption=\"Interior Design\">\n\t\t\t\t\t\t\t\t\t\t\t\t\t\t\t\t\t<i class=\"ep-icon-plus\" aria-hidden=\"true\"><\/i>\n\t\t\t\t\t\t\t\t\t\t\t\t\t\t\t<\/a>\n\t\t\t\t\t\t<\/div>\n\t\t\t\t\t\n\t\t\t\t\t\t\t<h3 class=\"bdt-gallery-item-title bdt-transition-slide-top-small\">\n\t\t\tInterior Design\t\t<\/h3>\n\t\t\t\t<div class=\"bdt-gallery-item-text bdt-transition-slide-bottom-small\">I am item content. Click edit button to change this text.<\/div>\n\t\t\n\t\t\t\t<\/div>\n\t\t\t<\/div>\n\t\t<\/div>\n\t\t\t\t\t\t\t\n\t\t\t\t\t\t\t\t\t<\/div>\n\t\t\t<\/div>\n\n\t\t\t\t\t<div class=\"bdt-gallery-item bdt-transition-toggle bdt-width-1-1 bdt-width-1-2@s bdt-width-1-3@m\">\n\t\t\t\t<div class=\"bdt-custom-gallery-inner bdt-image-mask\">\n\t\t\t\t\t\n\t\t\t\t\t\n\t\t\t\t\t\n\t\t\t\t\t\n        <div class=\"bdt-gallery-thumbnail\">\n           \n            <img decoding=\"async\" src=\"https:\/\/sibilla.es\/wp-content\/uploads\/2023\/05\/section11.img4_.jpg\" alt=\"Dawing Room\">\n\n        <\/div>\n        \t\t<div class=\"bdt-overlay bdt-overlay-default bdt-position-cover bdt-transition-fade\">\n\t\t\t<div class=\"bdt-custom-gallery-content\">\n\t\t\t\t<div class=\"bdt-custom-gallery-content-inner\">\n\t\t\t\t\t\n\t\t\t\t\t\n\n\t\t\t\t\t\t\t\t\t\t\t<div class=\"bdt-flex-inline bdt-gallery-item-link-wrapper\">\n\t\t\t\t\t\t\t<a data-elementor-open-lightbox=\"no\" href=\"https:\/\/sibilla.es\/wp-content\/uploads\/2023\/05\/section11.img4_.jpg\" class=\"bdt-gallery-item-link bdt-gallery-lightbox-item\" data-caption=\"Dawing Room\">\n\t\t\t\t\t\t\t\t\t\t\t\t\t\t\t\t\t<i class=\"ep-icon-plus\" aria-hidden=\"true\"><\/i>\n\t\t\t\t\t\t\t\t\t\t\t\t\t\t\t<\/a>\n\t\t\t\t\t\t<\/div>\n\t\t\t\t\t\n\t\t\t\t\t\t\t<h3 class=\"bdt-gallery-item-title bdt-transition-slide-top-small\">\n\t\t\tDawing Room\t\t<\/h3>\n\t\t\t\t<div class=\"bdt-gallery-item-text bdt-transition-slide-bottom-small\">I am item content. Click edit button to change this text.<\/div>\n\t\t\n\t\t\t\t<\/div>\n\t\t\t<\/div>\n\t\t<\/div>\n\t\t\t\t\t\t\t\n\t\t\t\t\t\t\t\t\t<\/div>\n\t\t\t<\/div>\n\n\t\t\t\t\t<div class=\"bdt-gallery-item bdt-transition-toggle bdt-width-1-1 bdt-width-1-2@s bdt-width-1-3@m\">\n\t\t\t\t<div class=\"bdt-custom-gallery-inner bdt-image-mask\">\n\t\t\t\t\t\n\t\t\t\t\t\n\t\t\t\t\t\n\t\t\t\t\t\n        <div class=\"bdt-gallery-thumbnail\">\n           \n            <img decoding=\"async\" src=\"https:\/\/sibilla.es\/wp-content\/uploads\/2023\/05\/section11.img3_-1.jpg\" alt=\"Vase\">\n\n        <\/div>\n        \t\t<div class=\"bdt-overlay bdt-overlay-default bdt-position-cover bdt-transition-fade\">\n\t\t\t<div class=\"bdt-custom-gallery-content\">\n\t\t\t\t<div class=\"bdt-custom-gallery-content-inner\">\n\t\t\t\t\t\n\t\t\t\t\t\n\n\t\t\t\t\t\t\t\t\t\t\t<div class=\"bdt-flex-inline bdt-gallery-item-link-wrapper\">\n\t\t\t\t\t\t\t<a data-elementor-open-lightbox=\"no\" href=\"https:\/\/sibilla.es\/wp-content\/uploads\/2023\/05\/section11.img3_-1.jpg\" class=\"bdt-gallery-item-link bdt-gallery-lightbox-item\" data-caption=\"Vase\">\n\t\t\t\t\t\t\t\t\t\t\t\t\t\t\t\t\t<i class=\"ep-icon-plus\" aria-hidden=\"true\"><\/i>\n\t\t\t\t\t\t\t\t\t\t\t\t\t\t\t<\/a>\n\t\t\t\t\t\t<\/div>\n\t\t\t\t\t\n\t\t\t\t\t\t\t<h3 class=\"bdt-gallery-item-title bdt-transition-slide-top-small\">\n\t\t\tVase\t\t<\/h3>\n\t\t\t\t<div class=\"bdt-gallery-item-text bdt-transition-slide-bottom-small\">I am item content. Click edit button to change this text.<\/div>\n\t\t\n\t\t\t\t<\/div>\n\t\t\t<\/div>\n\t\t<\/div>\n\t\t\t\t\t\t\t\n\t\t\t\t\t\t\t\t\t<\/div>\n\t\t\t<\/div>\n\n\t\t\n\t\t\t\t<\/div>\n\t\t\t\t<\/div>\n\t\t\t\t<\/div>\n\t\t\t\t\t<\/div>\n\t\t<\/div>\n\t\t\t\t\t\t\t<\/div>\n\t\t<\/section>\n\t\t\t\t\t\t\t<\/div>","protected":false},"excerpt":{"rendered":"<p>Las plantas en casa son muy beneficiosas para nuestra salud y el complemento perfecto para la decoraci\u00f3n de cualquier espacio, tienen beneficios naturales, terap\u00e9uticos, arom\u00e1ticos y relajantes. \u00a0 Son el regalo perfecto para cualquier ocasi\u00f3n, aniversarios, nacimientos, bodas&#8230; \u00a1y mucho m\u00e1s! Disponemos de una gama&#8230;<\/p>","protected":false},"author":1,"featured_media":0,"parent":0,"menu_order":0,"comment_status":"closed","ping_status":"closed","template":"","meta":{"footnotes":""},"class_list":["post-694","page","type-page","status-publish","hentry"],"_links":{"self":[{"href":"https:\/\/sibilla.es\/cat\/wp-json\/wp\/v2\/pages\/694","targetHints":{"allow":["GET"]}}],"collection":[{"href":"https:\/\/sibilla.es\/cat\/wp-json\/wp\/v2\/pages"}],"about":[{"href":"https:\/\/sibilla.es\/cat\/wp-json\/wp\/v2\/types\/page"}],"author":[{"embeddable":true,"href":"https:\/\/sibilla.es\/cat\/wp-json\/wp\/v2\/users\/1"}],"replies":[{"embeddable":true,"href":"https:\/\/sibilla.es\/cat\/wp-json\/wp\/v2\/comments?post=694"}],"version-history":[{"count":0,"href":"https:\/\/sibilla.es\/cat\/wp-json\/wp\/v2\/pages\/694\/revisions"}],"wp:attachment":[{"href":"https:\/\/sibilla.es\/cat\/wp-json\/wp\/v2\/media?parent=694"}],"curies":[{"name":"wp","href":"https:\/\/api.w.org\/{rel}","templated":true}]}}